{"id":414,"date":"2023-08-02T13:28:15","date_gmt":"2023-08-02T13:28:15","guid":{"rendered":"http:\/\/wetterstein.com\/?page_id=414"},"modified":"2023-08-02T14:26:48","modified_gmt":"2023-08-02T14:26:48","slug":"legal","status":"publish","type":"page","link":"https:\/\/wetterstein.com\/de\/legal\/","title":{"rendered":"Legal"},"content":{"rendered":"<section id=\"section-id-1557748003707\" class=\"sppb-section\">\n<div class=\"sppb-row-container\">\n<div class=\"sppb-row\">\n<div id=\"column-wrap-id-1557748003706\" class=\"sppb-col-md-12\">\n<div id=\"column-id-1557748003706\" class=\"sppb-column\">\n<div class=\"sppb-column-addons\">\n<div id=\"sppb-addon-wrapper-1557748003710\" class=\"sppb-addon-wrapper\">\n<div id=\"sppb-addon-1557748003710\" class=\"clearfix\">\n<div class=\"sppb-addon sppb-addon-text-block\">\n<h3 class=\"sppb-addon-title\">IMPRESSUM<\/h3>\n<p>&nbsp;<\/p>\n<div class=\"sppb-addon-content\">\n<p>WETTERSTEIN HOTEL<br \/>\nGr\u00fcnwalder Stra\u00dfe 16<br \/>\n81547 M\u00fcnchen<br \/>\nDeutschland<br \/>\nTelefon +49 (0) 89 - 649 65-0<br \/>\nFax +49 (0) 89 &#8211; 649 65-180<br \/>\nE-Mail\u00a0\u00a0<a href=\"mailto:director@wetterstein.com\" target=\"_blank\" rel=\"noopener\"><span class=\"s2\">director@wetterstein.com<\/span><\/a><\/p>\n<p>&nbsp;<\/p>\n<p class=\"p2\"><span class=\"s1\">Hotel Wetterstein Betriebs GmbH<br \/>\nHoteldirektor: Barbara Wiegand<br \/>\nGesch\u00e4ftsf\u00fchrerin: Sabrina Gambino-Kreindl<br \/>\nHRB M\u00fcnchen 84262<br \/>\nUst.-Nr.: DE-129 377 508<\/span><\/p>\n<p>&nbsp;<\/p>\n<p>Fotos: Ruben Voisard,\u00a0<a href=\"https:\/\/www.rubenvoisard.com\/\" target=\"_blank\" rel=\"noopener noreferrer\">www.rubenvoisard.com<\/a><br \/>\nVideo: Sebastian Richter,\u00a0<a href=\"https:\/\/www.sebastianrichterfilm.com\/\" target=\"_blank\" rel=\"noopener noreferrer\">www.sebastianrichterfilm.com<\/a><\/p>\n<p>Galerie Fotos: Oliver Florian, <a href=\"https:\/\/oliverflorian.work\/\" target=\"_blank\" rel=\"noopener\">oliverflorian.work<\/a><\/p>\n<p>&nbsp;<\/p>\n<h4>Haftungsausschluss:<\/h4>\n<p>&nbsp;<\/p>\n<p>Die bereitgestellten Informationen auf dieser Website werden sorgf\u00e4ltig gepr\u00fcft und regelm\u00e4\u00dfig aktualisiert. Es kann jedoch keine Garantie daf\u00fcr \u00fcbernommen werden, dass alle Angaben zu jeder Zeit vollst\u00e4ndig, richtig und in letzter Aktualit\u00e4t dargestellt sind. Dies gilt insbesondere f\u00fcr alle Links zu anderen Websites, auf die direkt oder indirekt verwiesen wird. Hiermit distanzieren wir uns ausdr\u00fccklich von allen Inhalten und Grafiken aller gelinkten Seiten und machen uns diese nicht zu Eigen. Au\u00dferdem k\u00f6nnen alle Angaben dieser Website ohne vorherige Ank\u00fcndigung erg\u00e4nzt, entfernt oder ge\u00e4ndert werden.<\/p>\n<p>&nbsp;<\/p>\n<h4>VIDEO\u00dcBERWACHUNG:<\/h4>\n<p>&nbsp;<\/p>\n<p>Dieses Hotel verf\u00fcgt \u00fcber mehrere \u00dcberwachungskameras. Die im Hotel aufgezeichneten Videoaufnahmen werden gespeichert. Sie k\u00f6nnen gegen diese Speicherung jederzeit schriftlich widersprechen.<\/p>\n<p>&nbsp;<\/p>\n<p>&nbsp;<\/p>\n<p>&nbsp;<\/p>\n<p>&nbsp;<\/p>\n<p>&nbsp;<\/p>\n<\/div>\n<p>&nbsp;<\/p>\n<p>&nbsp;<\/p>\n<\/div>\n<\/div>\n<\/div>\n<\/div>\n<\/div>\n<\/div>\n<\/div>\n<\/div>\n<\/section>\n<section id=\"section-id-1528464010798\" class=\"sppb-section\">\n<div class=\"sppb-row-container\">\n<div class=\"sppb-row\"><\/div>\n<\/div>\n<\/section>\n<section id=\"section-id-1528736663838\" class=\"sppb-section\">\n<h3><\/h3>\n<div class=\"sppb-row-container\">\n<div class=\"sppb-row\">\n<div id=\"column-wrap-id-1528736663837\" class=\"sppb-col-md-12\">\n<div id=\"column-id-1528736663837\" class=\"sppb-column\">\n<div class=\"sppb-column-addons\">\n<div id=\"sppb-addon-wrapper-1528736663841\" class=\"sppb-addon-wrapper\">\n<div id=\"sppb-addon-1528736663841\" class=\"clearfix\">\n<div class=\"sppb-addon sppb-addon-text-block\">\n<h3 class=\"sppb-addon-title\">AGBs<\/h3>\n<p>&nbsp;<\/p>\n<div class=\"sppb-addon-content translation-block\">Click&nbsp;<a href=\"https:\/\/wetterstein.com\/de\/images\/AGBs.pdf\/\" target=\"_blank\" rel=\"noopener noreferrer\">here<\/a>&nbsp;for General Terms and Conditions PDF<\/div>\n<\/div>\n<\/div>\n<\/div>\n<\/div>\n<\/div>\n<\/div>\n<\/div>\n<\/div>\n<\/section>","protected":false},"excerpt":{"rendered":"<p>LEGAL USE &nbsp; WETTERSTEIN HOTEL Gr\u00fcnwalder Stra\u00dfe 16 81547 Munich Germany Telephone +49 (0) 89 &#8211; 649 65-0 Fax +49 (0) 89 &#8211; 649 65-180 E-Mail\u00a0\u00a0director@wetterstein.com &nbsp; Hotel Wetterstein Betriebs GmbH Hotel director: Barbara Wiegand CEO: Sabrina Gambino-Kreindl HRB M\u00fcnchen 84262 Ust.-Nr.: DE-129 377 508 &nbsp; Photos: Ruben Voisard,\u00a0www.rubenvoisard.com Video: Sebastian Richter,\u00a0www.sebastianrichterfilm.com Gallery Photos: Oliver [&hellip;]<\/p>","protected":false},"author":1,"featured_media":0,"parent":0,"menu_order":0,"comment_status":"closed","ping_status":"closed","template":"legal.php","meta":{"_acf_changed":false,"inline_featured_image":false,"footnotes":""},"class_list":["post-414","page","type-page","status-publish","hentry"],"acf":[],"_links":{"self":[{"href":"https:\/\/wetterstein.com\/de\/wp-json\/wp\/v2\/pages\/414","targetHints":{"allow":["GET"]}}],"collection":[{"href":"https:\/\/wetterstein.com\/de\/wp-json\/wp\/v2\/pages"}],"about":[{"href":"https:\/\/wetterstein.com\/de\/wp-json\/wp\/v2\/types\/page"}],"author":[{"embeddable":true,"href":"https:\/\/wetterstein.com\/de\/wp-json\/wp\/v2\/users\/1"}],"replies":[{"embeddable":true,"href":"https:\/\/wetterstein.com\/de\/wp-json\/wp\/v2\/comments?post=414"}],"version-history":[{"count":6,"href":"https:\/\/wetterstein.com\/de\/wp-json\/wp\/v2\/pages\/414\/revisions"}],"predecessor-version":[{"id":421,"href":"https:\/\/wetterstein.com\/de\/wp-json\/wp\/v2\/pages\/414\/revisions\/421"}],"wp:attachment":[{"href":"https:\/\/wetterstein.com\/de\/wp-json\/wp\/v2\/media?parent=414"}],"curies":[{"name":"wp","href":"https:\/\/api.w.org\/{rel}","templated":true}]}}